{"id":253,"date":"2016-05-23T10:30:12","date_gmt":"2016-05-23T10:30:12","guid":{"rendered":"http:\/\/test.kriesi.at\/enfold-health-coach\/?page_id=253"},"modified":"2022-09-12T20:19:45","modified_gmt":"2022-09-12T18:19:45","slug":"about","status":"publish","type":"page","link":"http:\/\/www.prestigeluxgradnja.rs\/site\/?page_id=253","title":{"rendered":"O nama"},"content":{"rendered":"<div id='welcome'  class='av-layout-grid-container av-7x3wyt-3acd00b3f09ad796e48aa8357390c7bb entry-content-wrapper main_color av-fixed-cells  avia-builder-el-0  el_before_av_layout_row  avia-builder-el-first   container_wrap sidebar_right'  >\n\n<style type=\"text\/css\" data-created_by=\"avia_inline_auto\" id=\"style-css-av-7pvzpp-96a79e0d6a42900a10a9e3d5d6342655\">\n.flex_cell.av-7pvzpp-96a79e0d6a42900a10a9e3d5d6342655{\nvertical-align:top;\nheight:15px;\nmin-height:15px;\npadding:0px 0px 0px 0px;\nbackground-color:#719430;\n}\n<\/style>\n<div class='flex_cell av_one_fourth av-7pvzpp-96a79e0d6a42900a10a9e3d5d6342655 no_margin  avia-builder-el-1  el_before_av_cell_one_fourth  avia-builder-el-first  av-zero-padding' ><div class='flex_cell_inner'><\/div><\/div>\n<style type=\"text\/css\" data-created_by=\"avia_inline_auto\" id=\"style-css-av-7h9p6t-d4e1b4af537cca3ca4ddffe0da372b16\">\n.flex_cell.av-7h9p6t-d4e1b4af537cca3ca4ddffe0da372b16{\nvertical-align:top;\nheight:15px;\nmin-height:15px;\npadding:0px 0px 0px 0px;\nbackground-color:#92bb46;\n}\n<\/style>\n<div class='flex_cell av_one_fourth av-7h9p6t-d4e1b4af537cca3ca4ddffe0da372b16 no_margin  avia-builder-el-2  el_after_av_cell_one_fourth  el_before_av_cell_one_fourth  av-zero-padding' ><div class='flex_cell_inner'><\/div><\/div>\n<style type=\"text\/css\" data-created_by=\"avia_inline_auto\" id=\"style-css-av-7b64v9-9362c9cdfc66a40eebd1390be63386de\">\n.flex_cell.av-7b64v9-9362c9cdfc66a40eebd1390be63386de{\nvertical-align:top;\nheight:15px;\nmin-height:15px;\npadding:0px 0px 0px 0px;\nbackground-color:#acd464;\n}\n<\/style>\n<div class='flex_cell av_one_fourth av-7b64v9-9362c9cdfc66a40eebd1390be63386de no_margin  avia-builder-el-3  el_after_av_cell_one_fourth  el_before_av_cell_one_fourth  av-zero-padding' ><div class='flex_cell_inner'><\/div><\/div>\n<style type=\"text\/css\" data-created_by=\"avia_inline_auto\" id=\"style-css-av-79ya5x-f313e2685443688c20d770fbd37e49fa\">\n.flex_cell.av-79ya5x-f313e2685443688c20d770fbd37e49fa{\nvertical-align:top;\nheight:15px;\nmin-height:15px;\npadding:0px 0px 0px 0px;\nbackground-color:#e1fbb2;\n}\n<\/style>\n<div class='flex_cell av_one_fourth av-79ya5x-f313e2685443688c20d770fbd37e49fa no_margin  avia-builder-el-4  el_after_av_cell_one_fourth  avia-builder-el-last  av-zero-padding' ><div class='flex_cell_inner'><\/div><\/div>\n<\/div>\n<div id='hello'  class='av-layout-grid-container av-70sp71-57c28e7926a0150005563f1fa7f3deec entry-content-wrapper main_color av-flex-cells  avia-builder-el-5  el_after_av_layout_row  el_before_av_layout_row  grid-row-not-first  container_wrap sidebar_right'  >\n\n<style type=\"text\/css\" data-created_by=\"avia_inline_auto\" id=\"style-css-av-6txve5-6dd0b019ab6aff50304334f0b910f69f\">\n.flex_cell.av-6txve5-6dd0b019ab6aff50304334f0b910f69f{\nvertical-align:top;\npadding:100px 100px 100px 100px;\n}\n<\/style>\n<div class='flex_cell av_one_half av-6txve5-6dd0b019ab6aff50304334f0b910f69f no_margin  avia-builder-el-6  el_before_av_cell_one_half  avia-builder-el-first ' ><div class='flex_cell_inner'><p>\n<style type=\"text\/css\" data-created_by=\"avia_inline_auto\" id=\"style-css-av-6pgvv9-8b88105b03ee0cd64121d030ae1583b1\">\n#top .av-special-heading.av-6pgvv9-8b88105b03ee0cd64121d030ae1583b1{\npadding-bottom:30px;\n}\nbody .av-special-heading.av-6pgvv9-8b88105b03ee0cd64121d030ae1583b1 .av-special-heading-tag .heading-char{\nfont-size:25px;\n}\n#top #wrap_all .av-special-heading.av-6pgvv9-8b88105b03ee0cd64121d030ae1583b1 .av-special-heading-tag{\nfont-size:70px;\n}\n.av-special-heading.av-6pgvv9-8b88105b03ee0cd64121d030ae1583b1 .av-subheading{\nfont-size:15px;\n}\n<\/style>\n<div  class='av-special-heading av-6pgvv9-8b88105b03ee0cd64121d030ae1583b1 av-special-heading-h4  avia-builder-el-7  el_before_av_textblock  avia-builder-el-first '><h4 class='av-special-heading-tag'  itemprop=\"headline\"  >Va\u0161 novi \u2013 <u>krov nad glavom! <\/u><\/h4><div class=\"special-heading-border\"><div class=\"special-heading-inner-border\"><\/div><\/div><\/div><br \/>\n\n<style type=\"text\/css\" data-created_by=\"avia_inline_auto\" id=\"style-css-av-6ls6v1-4db787b271b9f4e388dc4f12a3cb2769\">\n#top .av_textblock_section.av-6ls6v1-4db787b271b9f4e388dc4f12a3cb2769 .avia_textblock{\nfont-size:14px;\n}\n<\/style>\n<section  class='av_textblock_section av-6ls6v1-4db787b271b9f4e388dc4f12a3cb2769'  itemscope=\"itemscope\" itemtype=\"https:\/\/schema.org\/CreativeWork\" ><div class='avia_textblock'  itemprop=\"text\" ><p style=\"font-weight: 400;\">Sme\u0161ten u srcu mirnog porodi\u010dnog naselja, a ipak veoma blizu centra Para\u0107ina. U delu grada u kome se razvija moderan deo \u017eivljenja,\u00a0 spaja u harmoni\u010dnu celinu neuporediv ose\u0107aj topline i udobnosti i sve pogodnosti savremenog stanovanja. Sve \u0161to vam je va\u017eno na dohvat ruke. Atraktivna lokacija\u00a0 \u201cPrestige lux\u201d\u00a0 stambenog\u00a0 kompleksa\u00a0 u &#8220;Ohridskoj&#8221; ulici\u00a0 predstavlja odli\u010dan izbor za ljude razli\u010ditih interesovanja i starosne dobi.<\/p>\n<p style=\"font-weight: 400;\">Jedna od najve\u0107ih prednosti ove lokacije je njena izuzetna povezanost sa lokalnim okru\u017eenjem i najva\u017enijim sadr\u017eajima.<\/p>\n<\/div><\/section><br \/>\n\n<style type=\"text\/css\" data-created_by=\"avia_inline_auto\" id=\"style-css-av-6b06hx-da39535db9dfd207be76507e9df0b60e\">\n#top .hr.hr-invisible.av-6b06hx-da39535db9dfd207be76507e9df0b60e{\nheight:20px;\n}\n<\/style>\n<div  class='hr av-6b06hx-da39535db9dfd207be76507e9df0b60e hr-invisible  avia-builder-el-9  el_after_av_textblock  el_before_av_textblock '><span class='hr-inner '><span class=\"hr-inner-style\"><\/span><\/span><\/div><br \/>\n\n<style type=\"text\/css\" data-created_by=\"avia_inline_auto\" id=\"style-css-av-66xejp-c0e54e55bcecf13524a19d9a06d139de\">\n#top .av_textblock_section.av-66xejp-c0e54e55bcecf13524a19d9a06d139de .avia_textblock{\nfont-size:29px;\n}\n<\/style>\n<section  class='av_textblock_section av-66xejp-c0e54e55bcecf13524a19d9a06d139de'  itemscope=\"itemscope\" itemtype=\"https:\/\/schema.org\/CreativeWork\" ><div class='avia_textblock'  itemprop=\"text\" ><p><span style=\"text-decoration: underline;\">Jedna od najve\u0107ih prednosti ove lokacije je njena izuzetna povezanost sa lokalnim okru\u017eenjem i najva\u017enijim sadr\u017eajima.<\/span><\/p>\n<\/div><\/section><\/p>\n<\/div><\/div>\n<style type=\"text\/css\" data-created_by=\"avia_inline_auto\" id=\"style-css-av-61uaq5-5bad26509566bce789a6cbda342a1b2c\">\n.flex_cell.av-61uaq5-5bad26509566bce789a6cbda342a1b2c{\nvertical-align:top;\npadding:100px 100px 100px 100px;\nbackground:url(http:\/\/www.prestigeluxgradnja.rs\/site\/wp-content\/uploads\/2022\/09\/zgrada1-1500x1000.jpg) 0% 50% no-repeat scroll #719430;\n}\n<\/style>\n<div class='flex_cell av_one_half av-61uaq5-5bad26509566bce789a6cbda342a1b2c no_margin  avia-builder-el-11  el_after_av_cell_one_half  avia-builder-el-last  avia-full-stretch' ><div class='flex_cell_inner'><\/div><\/div>\n<\/div>\n<div id='av-layout-grid-3'  class='av-layout-grid-container av-5xsp7p-0406e3cf18cfbc84370f3078938be8fd entry-content-wrapper main_color av-flex-cells  avia-builder-el-12  el_after_av_layout_row  el_before_av_layout_row  grid-row-not-first  container_wrap sidebar_right'  >\n\n<style type=\"text\/css\" data-created_by=\"avia_inline_auto\" id=\"style-css-av-5rpyzh-56f1e911e8881ffd6367290e044d31b8\">\n.flex_cell.av-5rpyzh-56f1e911e8881ffd6367290e044d31b8{\nvertical-align:middle;\npadding:0px 0px 0px 0px;\nbackground:url(http:\/\/www.prestigeluxgradnja.rs\/site\/wp-content\/uploads\/2022\/09\/Screenshot-2022-09-10-at-22.10.12.png) 50% 100% no-repeat scroll ;\n}\n<\/style>\n<div class='flex_cell av_one_half av-5rpyzh-56f1e911e8881ffd6367290e044d31b8 no_margin  avia-builder-el-13  el_before_av_cell_one_half  avia-builder-el-first  av-zero-padding avia-full-stretch' ><div class='flex_cell_inner'><\/div><\/div>\n<style type=\"text\/css\" data-created_by=\"avia_inline_auto\" id=\"style-css-av-5imx2d-c56dcd8454e15fc25197be1c88219d3f\">\n.flex_cell.av-5imx2d-c56dcd8454e15fc25197be1c88219d3f{\nvertical-align:middle;\npadding:100px 100px 100px 100px;\n}\n<\/style>\n<div class='flex_cell av_one_half av-5imx2d-c56dcd8454e15fc25197be1c88219d3f no_margin  avia-builder-el-14  el_after_av_cell_one_half  avia-builder-el-last  avia-full-stretch' ><div class='flex_cell_inner'><p>\n<style type=\"text\/css\" data-created_by=\"avia_inline_auto\" id=\"style-css-av-5e76al-d75c91c14005a952f26ebf9af4acb485\">\n#top .av-special-heading.av-5e76al-d75c91c14005a952f26ebf9af4acb485{\npadding-bottom:20px;\nfont-size:50px;\n}\nbody .av-special-heading.av-5e76al-d75c91c14005a952f26ebf9af4acb485 .av-special-heading-tag .heading-char{\nfont-size:25px;\n}\n#top #wrap_all .av-special-heading.av-5e76al-d75c91c14005a952f26ebf9af4acb485 .av-special-heading-tag{\nfont-size:50px;\n}\n.av-special-heading.av-5e76al-d75c91c14005a952f26ebf9af4acb485 .av-subheading{\nfont-size:15px;\n}\n<\/style>\n<div  class='av-special-heading av-5e76al-d75c91c14005a952f26ebf9af4acb485 av-special-heading-h2 blockquote modern-quote  avia-builder-el-15  el_before_av_textblock  avia-builder-el-first  av-inherit-size'><h2 class='av-special-heading-tag'  itemprop=\"headline\"  ><u>U svakom trenutku<\/u> bi\u0107ete okru\u017eeni idealnim uslovima.<\/h2><div class=\"special-heading-border\"><div class=\"special-heading-inner-border\"><\/div><\/div><\/div><br \/>\n\n<style type=\"text\/css\" data-created_by=\"avia_inline_auto\" id=\"style-css-av-57vib1-00049a3bb9ccba50c6cd0b55bb7e3d48\">\n#top .av_textblock_section.av-57vib1-00049a3bb9ccba50c6cd0b55bb7e3d48 .avia_textblock{\nfont-size:15px;\n}\n<\/style>\n<section  class='av_textblock_section av-57vib1-00049a3bb9ccba50c6cd0b55bb7e3d48'  itemscope=\"itemscope\" itemtype=\"https:\/\/schema.org\/CreativeWork\" ><div class='avia_textblock'  itemprop=\"text\" ><p style=\"font-weight: 400;\">\u0160kola i vrti\u0107 su u neposrednoj blizini, \u0161to \u0107e vam u\u0161tedeti zna\u010dajno vreme tokom obavljanja svakodnevnih obaveza.<\/p>\n<p style=\"font-weight: 400;\">Lako i brzo sti\u017eete od posla do stana, i od stana do slobodnog vremena provedenog u prirodi, odmoru ili dru\u017eenju sa prijateljima, koje nam usled brzine tempa gradskog \u017eivota ponekad zvu\u010de kao nedosti\u017ean san.<\/p>\n<p style=\"font-weight: 400;\">\u201cPrestige lux\u201d\u00a0 stambeni kompleks sadr\u017ei stanove razli\u010ditih veli\u010dina i struktura \u2013 od studija do onih sa tri spava\u0107e sobe. Veliki prozori obezbe\u0111uju obilje dnevne svetlosti, a u zavisnosti od orijentacije stana, izuzetan poglede na reku.<\/p>\n<\/div><\/section><\/p>\n<\/div><\/div><\/div><div id='welcome'  class='av-layout-grid-container av-511yst-d40f54ac57bf9f5072409efd15acd479 entry-content-wrapper main_color av-fixed-cells  avia-builder-el-17  el_after_av_layout_row  el_before_av_layout_row  grid-row-not-first  container_wrap sidebar_right'  >\n\n<style type=\"text\/css\" data-created_by=\"avia_inline_auto\" id=\"style-css-av-4tbrd9-bbae82e2360e429f9235f1bed248a28e\">\n.flex_cell.av-4tbrd9-bbae82e2360e429f9235f1bed248a28e{\nvertical-align:top;\nheight:15px;\nmin-height:15px;\npadding:0px 0px 0px 0px;\nbackground-color:#719430;\n}\n<\/style>\n<div class='flex_cell av_one_fourth av-4tbrd9-bbae82e2360e429f9235f1bed248a28e no_margin  avia-builder-el-18  el_before_av_cell_one_fourth  avia-builder-el-first  av-zero-padding' ><div class='flex_cell_inner'><\/div><\/div>\n<style type=\"text\/css\" data-created_by=\"avia_inline_auto\" id=\"style-css-av-4rfx8l-fba0d98b4777100557641b3db6be70c8\">\n.flex_cell.av-4rfx8l-fba0d98b4777100557641b3db6be70c8{\nvertical-align:top;\nheight:15px;\nmin-height:15px;\npadding:0px 0px 0px 0px;\nbackground-color:#92bb46;\n}\n<\/style>\n<div class='flex_cell av_one_fourth av-4rfx8l-fba0d98b4777100557641b3db6be70c8 no_margin  avia-builder-el-19  el_after_av_cell_one_fourth  el_before_av_cell_one_fourth  av-zero-padding' ><div class='flex_cell_inner'><\/div><\/div>\n<style type=\"text\/css\" data-created_by=\"avia_inline_auto\" id=\"style-css-av-4mfr4l-6e1c2375adf209ee00ccdf5ce44be90d\">\n.flex_cell.av-4mfr4l-6e1c2375adf209ee00ccdf5ce44be90d{\nvertical-align:top;\nheight:15px;\nmin-height:15px;\npadding:0px 0px 0px 0px;\nbackground-color:#acd464;\n}\n<\/style>\n<div class='flex_cell av_one_fourth av-4mfr4l-6e1c2375adf209ee00ccdf5ce44be90d no_margin  avia-builder-el-20  el_after_av_cell_one_fourth  el_before_av_cell_one_fourth  av-zero-padding' ><div class='flex_cell_inner'><\/div><\/div>\n<style type=\"text\/css\" data-created_by=\"avia_inline_auto\" id=\"style-css-av-4evz6d-5c4da39f62e894aa5bdac70375beb366\">\n.flex_cell.av-4evz6d-5c4da39f62e894aa5bdac70375beb366{\nvertical-align:top;\nheight:15px;\nmin-height:15px;\npadding:0px 0px 0px 0px;\nbackground-color:#e1fbb2;\n}\n<\/style>\n<div class='flex_cell av_one_fourth av-4evz6d-5c4da39f62e894aa5bdac70375beb366 no_margin  avia-builder-el-21  el_after_av_cell_one_fourth  avia-builder-el-last  av-zero-padding' ><div class='flex_cell_inner'><\/div><\/div>\n<\/div><\/p>\n<div id='welcome'  class='av-layout-grid-container av-v2aol-c99252d167846ba70bb7bbb9d00f3821 entry-content-wrapper main_color av-fixed-cells  avia-builder-el-22  el_after_av_layout_row  avia-builder-el-last  grid-row-not-first  container_wrap sidebar_right'  >\n\n<style type=\"text\/css\" data-created_by=\"avia_inline_auto\" id=\"style-css-av-p76dh-f82e031c32105eeb9cd48fd269fb59b8\">\n.flex_cell.av-p76dh-f82e031c32105eeb9cd48fd269fb59b8{\nvertical-align:top;\nheight:15px;\nmin-height:15px;\npadding:0px 0px 0px 0px;\nbackground-color:#719430;\n}\n<\/style>\n<div class='flex_cell av_one_fourth av-p76dh-f82e031c32105eeb9cd48fd269fb59b8 no_margin  avia-builder-el-23  el_before_av_cell_one_fourth  avia-builder-el-first  av-zero-padding' ><div class='flex_cell_inner'><\/div><\/div>\n<style type=\"text\/css\" data-created_by=\"avia_inline_auto\" id=\"style-css-av-mdotp-71993422303d3f2c4a871ec52c461123\">\n.flex_cell.av-mdotp-71993422303d3f2c4a871ec52c461123{\nvertical-align:top;\nheight:15px;\nmin-height:15px;\npadding:0px 0px 0px 0px;\nbackground-color:#92bb46;\n}\n<\/style>\n<div class='flex_cell av_one_fourth av-mdotp-71993422303d3f2c4a871ec52c461123 no_margin  avia-builder-el-24  el_after_av_cell_one_fourth  el_before_av_cell_one_fourth  av-zero-padding' ><div class='flex_cell_inner'><\/div><\/div>\n<style type=\"text\/css\" data-created_by=\"avia_inline_auto\" id=\"style-css-av-haspx-f8abc4e57fd07dc4166cad550d3d3990\">\n.flex_cell.av-haspx-f8abc4e57fd07dc4166cad550d3d3990{\nvertical-align:top;\nheight:15px;\nmin-height:15px;\npadding:0px 0px 0px 0px;\nbackground-color:#acd464;\n}\n<\/style>\n<div class='flex_cell av_one_fourth av-haspx-f8abc4e57fd07dc4166cad550d3d3990 no_margin  avia-builder-el-25  el_after_av_cell_one_fourth  el_before_av_cell_one_fourth  av-zero-padding' ><div class='flex_cell_inner'><\/div><\/div>\n<style type=\"text\/css\" data-created_by=\"avia_inline_auto\" id=\"style-css-av-a8zdh-811ed086cf7fdcc24125c5d379ff641b\">\n.flex_cell.av-a8zdh-811ed086cf7fdcc24125c5d379ff641b{\nvertical-align:top;\nheight:15px;\nmin-height:15px;\npadding:0px 0px 0px 0px;\nbackground-color:#e1fbb2;\n}\n<\/style>\n<div class='flex_cell av_one_fourth av-a8zdh-811ed086cf7fdcc24125c5d379ff641b no_margin  avia-builder-el-26  el_after_av_cell_one_fourth  avia-builder-el-last  av-zero-padding' ><div class='flex_cell_inner'><\/div><\/div>\n<\/div>\n","protected":false},"excerpt":{"rendered":"","protected":false},"author":1,"featured_media":0,"parent":0,"menu_order":0,"comment_status":"closed","ping_status":"closed","template":"","meta":{"footnotes":""},"class_list":["post-253","page","type-page","status-publish","hentry"],"_links":{"self":[{"href":"http:\/\/www.prestigeluxgradnja.rs\/site\/index.php?rest_route=\/wp\/v2\/pages\/253","targetHints":{"allow":["GET"]}}],"collection":[{"href":"http:\/\/www.prestigeluxgradnja.rs\/site\/index.php?rest_route=\/wp\/v2\/pages"}],"about":[{"href":"http:\/\/www.prestigeluxgradnja.rs\/site\/index.php?rest_route=\/wp\/v2\/types\/page"}],"author":[{"embeddable":true,"href":"http:\/\/www.prestigeluxgradnja.rs\/site\/index.php?rest_route=\/wp\/v2\/users\/1"}],"replies":[{"embeddable":true,"href":"http:\/\/www.prestigeluxgradnja.rs\/site\/index.php?rest_route=%2Fwp%2Fv2%2Fcomments&post=253"}],"version-history":[{"count":37,"href":"http:\/\/www.prestigeluxgradnja.rs\/site\/index.php?rest_route=\/wp\/v2\/pages\/253\/revisions"}],"predecessor-version":[{"id":613,"href":"http:\/\/www.prestigeluxgradnja.rs\/site\/index.php?rest_route=\/wp\/v2\/pages\/253\/revisions\/613"}],"wp:attachment":[{"href":"http:\/\/www.prestigeluxgradnja.rs\/site\/index.php?rest_route=%2Fwp%2Fv2%2Fmedia&parent=253"}],"curies":[{"name":"wp","href":"https:\/\/api.w.org\/{rel}","templated":true}]}}