{"id":255,"date":"2016-05-23T10:30:24","date_gmt":"2016-05-23T10:30:24","guid":{"rendered":"http:\/\/test.kriesi.at\/enfold-health-coach\/?page_id=255"},"modified":"2022-09-15T16:11:11","modified_gmt":"2022-09-15T14:11:11","slug":"contact","status":"publish","type":"page","link":"http:\/\/www.prestigeluxgradnja.rs\/site\/?page_id=255","title":{"rendered":"Kontakt"},"content":{"rendered":"<div id='welcome'  class='av-layout-grid-container av-5itv2f-e88b9b37db1d0cdd8f9fea0bee510cce entry-content-wrapper main_color av-fixed-cells  avia-builder-el-0  el_before_av_google_map  avia-builder-el-first   container_wrap sidebar_right'  >\n\n<style type=\"text\/css\" data-created_by=\"avia_inline_auto\" id=\"style-css-av-j7taf-055fad138197e5c28b64e05558d33326\">\n.flex_cell.av-j7taf-055fad138197e5c28b64e05558d33326{\nvertical-align:top;\nheight:15px;\nmin-height:15px;\npadding:0px 0px 0px 0px;\nbackground-color:#719430;\n}\n<\/style>\n<div class='flex_cell av_one_fourth av-j7taf-055fad138197e5c28b64e05558d33326 no_margin  avia-builder-el-1  el_before_av_cell_one_fourth  avia-builder-el-first  av-zero-padding' ><div class='flex_cell_inner'><\/div><\/div>\n<style type=\"text\/css\" data-created_by=\"avia_inline_auto\" id=\"style-css-av-57sw67-11c247a9477344bf61e69d71e787c5cd\">\n.flex_cell.av-57sw67-11c247a9477344bf61e69d71e787c5cd{\nvertical-align:top;\nheight:15px;\nmin-height:15px;\npadding:0px 0px 0px 0px;\nbackground-color:#92bb46;\n}\n<\/style>\n<div class='flex_cell av_one_fourth av-57sw67-11c247a9477344bf61e69d71e787c5cd no_margin  avia-builder-el-2  el_after_av_cell_one_fourth  el_before_av_cell_one_fourth  av-zero-padding' ><div class='flex_cell_inner'><\/div><\/div>\n<style type=\"text\/css\" data-created_by=\"avia_inline_auto\" id=\"style-css-av-5030bb-5d98105bf7deb86e8d5cbf665dde8446\">\n.flex_cell.av-5030bb-5d98105bf7deb86e8d5cbf665dde8446{\nvertical-align:top;\nheight:15px;\nmin-height:15px;\npadding:0px 0px 0px 0px;\nbackground-color:#acd464;\n}\n<\/style>\n<div class='flex_cell av_one_fourth av-5030bb-5d98105bf7deb86e8d5cbf665dde8446 no_margin  avia-builder-el-3  el_after_av_cell_one_fourth  el_before_av_cell_one_fourth  av-zero-padding' ><div class='flex_cell_inner'><\/div><\/div>\n<style type=\"text\/css\" data-created_by=\"avia_inline_auto\" id=\"style-css-av-htrlb-5de74d1ed519876831dd11fa935d9895\">\n.flex_cell.av-htrlb-5de74d1ed519876831dd11fa935d9895{\nvertical-align:top;\nheight:15px;\nmin-height:15px;\npadding:0px 0px 0px 0px;\nbackground-color:#e1fbb2;\n}\n<\/style>\n<div class='flex_cell av_one_fourth av-htrlb-5de74d1ed519876831dd11fa935d9895 no_margin  avia-builder-el-4  el_after_av_cell_one_fourth  avia-builder-el-last  av-zero-padding' ><div class='flex_cell_inner'><\/div><\/div>\n<\/div>\n<div  class='av_gmaps_sc_main_wrap av_gmaps_main_wrap '><div id='av_gmap_0' class='avia-google-map-container avia-google-map-sc av_gmaps_show_unconditionally av-no-fallback-img ' data-mapid='av_gmap_0'  style='height: 500px;'><a class=\"av_gmaps_browser_disabled av_text_confirm_link av_text_confirm_link_visible\" href=\"https:\/\/www.google.com\/maps\/search\/?api=1&#038;query=\u017divke%20Petrovi\u0107%20bb%2035250%20Para\u0107in%20Srbija%20Srbija\" target=\"_blank\" rel=\"noopener\">Maps were disabled by the visitor on this site. Click to open the map in a new window.<\/a><\/div><\/div>\n<div id='hello'  class='av-layout-grid-container av-4bo673-bc8f022b451b0be8ffa48c3e939c7829 entry-content-wrapper main_color av-flex-cells  avia-builder-el-6  el_after_av_google_map  el_before_av_layout_row  grid-row-not-first  container_wrap sidebar_right'  >\n\n<style type=\"text\/css\" data-created_by=\"avia_inline_auto\" id=\"style-css-av-48plrz-6193b52a56855ebea34c1fe3a9239942\">\n.flex_cell.av-48plrz-6193b52a56855ebea34c1fe3a9239942{\nvertical-align:top;\npadding:100px 100px 100px 100px;\n}\n<\/style>\n<div class='flex_cell av_two_fifth av-48plrz-6193b52a56855ebea34c1fe3a9239942 no_margin  avia-builder-el-7  el_before_av_cell_three_fifth  avia-builder-el-first ' ><div class='flex_cell_inner'><p>\n<style type=\"text\/css\" data-created_by=\"avia_inline_auto\" id=\"style-css-av-43ki73-b0062a24c75cc5f7778e813aab211f22\">\n#top .av-special-heading.av-43ki73-b0062a24c75cc5f7778e813aab211f22{\npadding-bottom:30px;\nfont-size:70px;\n}\nbody .av-special-heading.av-43ki73-b0062a24c75cc5f7778e813aab211f22 .av-special-heading-tag .heading-char{\nfont-size:25px;\n}\n#top #wrap_all .av-special-heading.av-43ki73-b0062a24c75cc5f7778e813aab211f22 .av-special-heading-tag{\nfont-size:70px;\n}\n.av-special-heading.av-43ki73-b0062a24c75cc5f7778e813aab211f22 .av-subheading{\nfont-size:15px;\n}\n<\/style>\n<div  class='av-special-heading av-43ki73-b0062a24c75cc5f7778e813aab211f22 av-special-heading-h1 blockquote modern-quote  avia-builder-el-8  el_before_av_textblock  avia-builder-el-first  av-inherit-size'><h1 class='av-special-heading-tag'  itemprop=\"headline\"  >Budimo <u>u kontaktu<\/u><\/h1><div class=\"special-heading-border\"><div class=\"special-heading-inner-border\"><\/div><\/div><\/div><br \/>\n\n<style type=\"text\/css\" data-created_by=\"avia_inline_auto\" id=\"style-css-av-3tuvrz-7318a79ec16da38a8142fc2f1b610ece\">\n#top .av_textblock_section.av-3tuvrz-7318a79ec16da38a8142fc2f1b610ece .avia_textblock{\nfont-size:15px;\n}\n<\/style>\n<section  class='av_textblock_section av-3tuvrz-7318a79ec16da38a8142fc2f1b610ece'  itemscope=\"itemscope\" itemtype=\"https:\/\/schema.org\/CreativeWork\" ><div class='avia_textblock'  itemprop=\"text\" ><p style=\"font-weight: 400;\"><strong>INVESTITOR<\/strong>:<br \/>\nPRESTIGE LUX GRADNJA<br \/>\nVlasnik: Novica Stanojevi\u0107<\/p>\n<p style=\"font-weight: 400;\">Adresa:<br \/>\n\u017divke Petrovi\u0107a 25 (Bazeni Presti\u017e), Para\u0107in<\/p>\n<p style=\"font-weight: 400;\">Telefon: 0695650550<\/p>\n<p>Mail: <a href=\"mailto:prestigeluxgradnja@gmail.com\">prestigeluxgradnja@gmail.com<\/a><\/p>\n<p style=\"font-weight: 400;\"><strong>GENERALNI I<\/strong><strong>ZVO\u0110A\u010c RADOVA<\/strong>:<br \/>\nLjuba Invest, Para\u0107in,<br \/>\n<a href=\"http:\/\/www.ljubainvest.rs\/\">www.ljubainvest.rs<\/a><\/p>\n<p style=\"font-weight: 400;\">Adresa:<br \/>\nKnjaza Milo\u0161a bb, 35250 Para\u0107in<br \/>\nTelefon: 035\/534-877; 035\/534-878<\/p>\n<p style=\"font-weight: 400;\">Mail: <a href=\"mailto:ljubainvest@gmail.com\">ljubainvest@gmail.com<\/a><\/p>\n<\/div><\/section><br \/>\n\n<style type=\"text\/css\" data-created_by=\"avia_inline_auto\" id=\"style-css-av-3r0dyn-42c1eb56f798d51c1f2e29821f240e81\">\n#top .hr.hr-invisible.av-3r0dyn-42c1eb56f798d51c1f2e29821f240e81{\nheight:20px;\n}\n<\/style>\n<div  class='hr av-3r0dyn-42c1eb56f798d51c1f2e29821f240e81 hr-invisible  avia-builder-el-10  el_after_av_textblock  el_before_av_textblock '><span class='hr-inner '><span class=\"hr-inner-style\"><\/span><\/span><\/div><br \/>\n\n<style type=\"text\/css\" data-created_by=\"avia_inline_auto\" id=\"style-css-av-3j9qbr-3d43ff1f594a3cded796e8cd8e99e7fe\">\n#top .av_textblock_section.av-3j9qbr-3d43ff1f594a3cded796e8cd8e99e7fe .avia_textblock{\nfont-size:29px;\n}\n<\/style>\n<section  class='av_textblock_section av-3j9qbr-3d43ff1f594a3cded796e8cd8e99e7fe'  itemscope=\"itemscope\" itemtype=\"https:\/\/schema.org\/CreativeWork\" ><div class='avia_textblock'  itemprop=\"text\" ><p><span style=\"text-decoration: underline;\">U svakom pogledu po meri dana\u0161njeg na\u010dina \u017eivota!<\/span><\/p>\n<\/div><\/section><\/p>\n<\/div><\/div>\n<style type=\"text\/css\" data-created_by=\"avia_inline_auto\" id=\"style-css-av-3gcd47-2847b7852111fbb6371f7add2d89d27d\">\n.flex_cell.av-3gcd47-2847b7852111fbb6371f7add2d89d27d{\nvertical-align:top;\npadding:50px 50px 50px 50px;\nbackground-color:#719430;\n}\n<\/style>\n<div class='flex_cell av_three_fifth av-3gcd47-2847b7852111fbb6371f7add2d89d27d no_margin  avia-builder-el-12  el_after_av_cell_two_fifth  avia-builder-el-last  avia-full-stretch' ><div class='flex_cell_inner'>\n<style type=\"text\/css\" data-created_by=\"avia_inline_auto\" id=\"style-css-av-372ysv-1c14e209a761d1305d46e36d6a38cb44\">\n.flex_column.av-372ysv-1c14e209a761d1305d46e36d6a38cb44{\nborder-radius:0px 0px 0px 0px;\n-webkit-border-radius:0px 0px 0px 0px;\n-moz-border-radius:0px 0px 0px 0px;\npadding:50px 50px 50px 50px;\nbackground-color:#ffffff;\n}\n<\/style>\n<div class='flex_column av-372ysv-1c14e209a761d1305d46e36d6a38cb44 av_one_full  avia-builder-el-13  avia-builder-el-no-sibling  first flex_column_div avia-full-contain '   ><form action=\"http:\/\/www.prestigeluxgradnja.rs\/site\/?page_id=255\" method=\"post\"  class=\"avia_ajax_form av-form-labels-visible   avia-builder-el-14  avia-builder-el-no-sibling   \" data-avia-form-id=\"1\" data-avia-redirect='' ><fieldset><p class='  first_form  form_element form_element_half' id='element_avia_1_1'><label for=\"avia_1_1\">Ime i prezime <abbr class=\"required\" title=\"required\">*<\/abbr><\/label> <input name=\"avia_1_1\" class=\"text_input is_empty\" type=\"text\" id=\"avia_1_1\" value=\"\" \/><\/p><p class='  first_form  form_element form_fullwidth' id='element_avia_2_1'><label for=\"avia_2_1\">Mobilni telefon <abbr class=\"required\" title=\"required\">*<\/abbr><\/label> <input name=\"avia_2_1\" class=\"text_input is_empty\" type=\"text\" id=\"avia_2_1\" value=\"\" \/><\/p><p class='  first_form  form_element form_element_half' id='element_avia_3_1'><label for=\"avia_3_1\">E-Mail adresa <abbr class=\"required\" title=\"required\">*<\/abbr><\/label> <input name=\"avia_3_1\" class=\"text_input is_email\" type=\"text\" id=\"avia_3_1\" value=\"\" \/><\/p><p class='  first_form  form_element form_fullwidth' id='element_avia_4_1'><label for=\"avia_4_1\" class=\"textare_label hidden textare_label_avia_4_1\">Poruka <abbr class=\"required\" title=\"required\">*<\/abbr><\/label><textarea  name=\"avia_4_1\" class=\"text_area is_empty\" cols=\"40\" rows=\"7\" id=\"avia_4_1\" ><\/textarea><\/p><p class=\"hidden\"><input type=\"text\" name=\"avia_5_1\" class=\"hidden \" id=\"avia_5_1\" value=\"\" \/><\/p><p class='   form_element form_fullwidth' id='element_avia_6_1'><span class='value_verifier_label'>3 + 2 = ?<\/span><input name=\"avia_6_1_verifier\" type=\"hidden\" id=\"avia_6_1_verifier\" value=\"277477157\"\/><label for=\"avia_6_1\">Please prove that you are human by solving the equation <abbr class=\"required\" title=\"required\">*<\/abbr><\/label><input name=\"avia_6_1\" class=\"text_input captcha\" type=\"text\" id=\"avia_6_1\" value=\"\"\/><\/p><p class=\"form_element \"><input type=\"hidden\" value=\"1\" name=\"avia_generated_form1\" \/><input type=\"submit\" value=\"Po\u0161aljite\" class=\"button\"  data-sending-label=\"Sending\"\/><\/p><\/fieldset><\/form><div id=\"ajaxresponse_1\" class=\"ajaxresponse ajaxresponse_1 hidden\"><\/div><\/div>\n<\/div><\/div><\/div><div id='welcome'  class='av-layout-grid-container av-29aid3-2bc886b2227df9b574c96e918d574fd7 entry-content-wrapper main_color av-fixed-cells  avia-builder-el-15  el_after_av_layout_row  avia-builder-el-last  grid-row-not-first  container_wrap sidebar_right'  >\n\n<style type=\"text\/css\" data-created_by=\"avia_inline_auto\" id=\"style-css-av-20n8cf-fdbfb08d4b40605d70411b3deda4a693\">\n.flex_cell.av-20n8cf-fdbfb08d4b40605d70411b3deda4a693{\nvertical-align:top;\nheight:15px;\nmin-height:15px;\npadding:0px 0px 0px 0px;\nbackground-color:#719430;\n}\n<\/style>\n<div class='flex_cell av_one_fourth av-20n8cf-fdbfb08d4b40605d70411b3deda4a693 no_margin  avia-builder-el-16  el_before_av_cell_one_fourth  avia-builder-el-first  av-zero-padding' ><div class='flex_cell_inner'><\/div><\/div>\n<style type=\"text\/css\" data-created_by=\"avia_inline_auto\" id=\"style-css-av-1v4vwv-6216c7b77fc43a46097dc0072a5ff20e\">\n.flex_cell.av-1v4vwv-6216c7b77fc43a46097dc0072a5ff20e{\nvertical-align:top;\nheight:15px;\nmin-height:15px;\npadding:0px 0px 0px 0px;\nbackground-color:#92bb46;\n}\n<\/style>\n<div class='flex_cell av_one_fourth av-1v4vwv-6216c7b77fc43a46097dc0072a5ff20e no_margin  avia-builder-el-17  el_after_av_cell_one_fourth  el_before_av_cell_one_fourth  av-zero-padding' ><div class='flex_cell_inner'><\/div><\/div>\n<style type=\"text\/css\" data-created_by=\"avia_inline_auto\" id=\"style-css-av-1rag47-21f822fbfddb89498e38db8c3ffb5b42\">\n.flex_cell.av-1rag47-21f822fbfddb89498e38db8c3ffb5b42{\nvertical-align:top;\nheight:15px;\nmin-height:15px;\npadding:0px 0px 0px 0px;\nbackground-color:#acd464;\n}\n<\/style>\n<div class='flex_cell av_one_fourth av-1rag47-21f822fbfddb89498e38db8c3ffb5b42 no_margin  avia-builder-el-18  el_after_av_cell_one_fourth  el_before_av_cell_one_fourth  av-zero-padding' ><div class='flex_cell_inner'><\/div><\/div>\n<style type=\"text\/css\" data-created_by=\"avia_inline_auto\" id=\"style-css-av-1n6u2n-acb13438b10ae1209cfb03fb45e552b3\">\n.flex_cell.av-1n6u2n-acb13438b10ae1209cfb03fb45e552b3{\nvertical-align:top;\nheight:15px;\nmin-height:15px;\npadding:0px 0px 0px 0px;\nbackground-color:#e1fbb2;\n}\n<\/style>\n<div class='flex_cell av_one_fourth av-1n6u2n-acb13438b10ae1209cfb03fb45e552b3 no_margin  avia-builder-el-19  el_after_av_cell_one_fourth  avia-builder-el-last  av-zero-padding' ><div class='flex_cell_inner'><\/div><\/div>\n<\/div><\/p>\n","protected":false},"excerpt":{"rendered":"","protected":false},"author":1,"featured_media":0,"parent":0,"menu_order":0,"comment_status":"closed","ping_status":"closed","template":"","meta":{"footnotes":""},"class_list":["post-255","page","type-page","status-publish","hentry"],"_links":{"self":[{"href":"http:\/\/www.prestigeluxgradnja.rs\/site\/index.php?rest_route=\/wp\/v2\/pages\/255","targetHints":{"allow":["GET"]}}],"collection":[{"href":"http:\/\/www.prestigeluxgradnja.rs\/site\/index.php?rest_route=\/wp\/v2\/pages"}],"about":[{"href":"http:\/\/www.prestigeluxgradnja.rs\/site\/index.php?rest_route=\/wp\/v2\/types\/page"}],"author":[{"embeddable":true,"href":"http:\/\/www.prestigeluxgradnja.rs\/site\/index.php?rest_route=\/wp\/v2\/users\/1"}],"replies":[{"embeddable":true,"href":"http:\/\/www.prestigeluxgradnja.rs\/site\/index.php?rest_route=%2Fwp%2Fv2%2Fcomments&post=255"}],"version-history":[{"count":25,"href":"http:\/\/www.prestigeluxgradnja.rs\/site\/index.php?rest_route=\/wp\/v2\/pages\/255\/revisions"}],"predecessor-version":[{"id":657,"href":"http:\/\/www.prestigeluxgradnja.rs\/site\/index.php?rest_route=\/wp\/v2\/pages\/255\/revisions\/657"}],"wp:attachment":[{"href":"http:\/\/www.prestigeluxgradnja.rs\/site\/index.php?rest_route=%2Fwp%2Fv2%2Fmedia&parent=255"}],"curies":[{"name":"wp","href":"https:\/\/api.w.org\/{rel}","templated":true}]}}